{"id":107,"date":"2024-07-11T06:45:45","date_gmt":"2024-07-11T04:45:45","guid":{"rendered":"https:\/\/at.fnet-ratgeber.dcm-server.de\/?page_id=107"},"modified":"2026-02-26T15:10:29","modified_gmt":"2026-02-26T14:10:29","slug":"anlegen","status":"publish","type":"page","link":"https:\/\/www.finanzen.at\/ratgeber\/anlegen\/","title":{"rendered":"Anlegen"},"content":{"rendered":"\n\n\n    <div class=\"container\">\n                    <h2 class=\"headline headline--h1\">Anbieter<\/h2>\n        \n        <div class=\"article-teasers\">\n            <div class=\"article-teasers__container-primary\">\n                <div class=\"article-teasers__container-primary-inner\">\n                                                                        <a class=\"article-teaser article-teaser--large article-teaser--1\" href=\"https:\/\/www.finanzen.at\/ratgeber\/trade-republic-im-test\/\">\n                                <div class=\"article-teaser__image\">\n                                    <img loading=\"lazy\" decoding=\"async\" width=\"1920\" height=\"882\" src=\"https:\/\/www.finanzen.at\/ratgeber\/wp-content\/uploads\/sites\/3\/2022\/12\/shutterstock_2029556522-PhotoRoom.jpg\" class=\"attachment-post-thumbnail size-post-thumbnail wp-post-image\" alt=\"\" srcset=\"https:\/\/www.finanzen.at\/ratgeber\/wp-content\/uploads\/sites\/3\/2022\/12\/shutterstock_2029556522-PhotoRoom.jpg 1920w, https:\/\/www.finanzen.at\/ratgeber\/wp-content\/uploads\/sites\/3\/2022\/12\/shutterstock_2029556522-PhotoRoom-300x138.jpg 300w, https:\/\/www.finanzen.at\/ratgeber\/wp-content\/uploads\/sites\/3\/2022\/12\/shutterstock_2029556522-PhotoRoom-1024x470.jpg 1024w, https:\/\/www.finanzen.at\/ratgeber\/wp-content\/uploads\/sites\/3\/2022\/12\/shutterstock_2029556522-PhotoRoom-768x353.jpg 768w, https:\/\/www.finanzen.at\/ratgeber\/wp-content\/uploads\/sites\/3\/2022\/12\/shutterstock_2029556522-PhotoRoom-1536x706.jpg 1536w\" sizes=\"auto, (max-width: 1920px) 100vw, 1920px\" \/>                                <\/div>\n                                <div class=\"article-teaser__content-container\">\n                                    <div class=\"article-teaser__preline\">\n                                                                            <\/div>\n                                    <h3 class=\"headline headline--h3 article-teaser__headline\">\n                                        Trade Republic Erfahrungen \u2013 Der Neobroker im Test                                    <\/h3>\n                                    <div class=\"article-teaser__excerpt\">\n                                        <span class=\"article-teaser__excerpt-arrow\">\n                                            Trade Republic ist ein Neobroker, der Anlegern die M\u00f6glichkeit bietet, in eine breite Palette von Wertpapieren &#8230;                                        <\/span>\n                                    <\/div>\n                                    <span class=\"article-teaser__more-link link link--arrow-right\">\n                                        Mehr erfahren\n                                    <\/span>\n                                <\/div>\n                            <\/a>\n                                                                                                <a class=\"article-teaser article-teaser--large article-teaser--2\" href=\"https:\/\/www.finanzen.at\/ratgeber\/bitpanda-test-und-erfahrungen\/\">\n                                <div class=\"article-teaser__image\">\n                                    <img loading=\"lazy\" decoding=\"async\" width=\"1920\" height=\"882\" src=\"https:\/\/www.finanzen.at\/ratgeber\/wp-content\/uploads\/sites\/3\/2022\/12\/shutterstock_2029556522-PhotoRoom.jpg\" class=\"attachment-post-thumbnail size-post-thumbnail wp-post-image\" alt=\"\" srcset=\"https:\/\/www.finanzen.at\/ratgeber\/wp-content\/uploads\/sites\/3\/2022\/12\/shutterstock_2029556522-PhotoRoom.jpg 1920w, https:\/\/www.finanzen.at\/ratgeber\/wp-content\/uploads\/sites\/3\/2022\/12\/shutterstock_2029556522-PhotoRoom-300x138.jpg 300w, https:\/\/www.finanzen.at\/ratgeber\/wp-content\/uploads\/sites\/3\/2022\/12\/shutterstock_2029556522-PhotoRoom-1024x470.jpg 1024w, https:\/\/www.finanzen.at\/ratgeber\/wp-content\/uploads\/sites\/3\/2022\/12\/shutterstock_2029556522-PhotoRoom-768x353.jpg 768w, https:\/\/www.finanzen.at\/ratgeber\/wp-content\/uploads\/sites\/3\/2022\/12\/shutterstock_2029556522-PhotoRoom-1536x706.jpg 1536w\" sizes=\"auto, (max-width: 1920px) 100vw, 1920px\" \/>                                <\/div>\n                                <div class=\"article-teaser__content-container\">\n                                    <div class=\"article-teaser__preline\">\n                                                                            <\/div>\n                                    <h3 class=\"headline headline--h3 article-teaser__headline\">\n                                        Bitpanda Erfahrungen                                    <\/h3>\n                                    <div class=\"article-teaser__excerpt\">\n                                        <span class=\"article-teaser__excerpt-arrow\">\n                                            Wie schneidet der Krypto-Broker Bitpanda im Test ab? Das sind unsere Erfahrungen                                        <\/span>\n                                    <\/div>\n                                    <span class=\"article-teaser__more-link link link--arrow-right\">\n                                        Mehr erfahren\n                                    <\/span>\n                                <\/div>\n                            <\/a>\n                                                            <\/div>\n            <\/div>\n\n            <div class=\"article-teasers__container-secondary\">\n                                                            <a class=\"article-teaser article-teaser--small article-teaser--3\" href=\"https:\/\/www.finanzen.at\/ratgeber\/hello-bank-test-erfahrung\/\">\n                            <h3 class=\"headline headline--h3 article-teaser__headline\">\n                                Hello bank!                            <\/h3>\n                            <div class=\"article-teaser__excerpt\">\n                                <span class=\"article-teaser__excerpt-arrow\">\n                                    Die Hello bank! ist der Broker der BNP Paribas und seit 25 Jahren Marktf\u00fchrer im Online-Brokerage &#8230;                                <\/span>\n                            <\/div>\n                            <span class=\"article-teaser__more-link link link--arrow-right\">\n                                Mehr erfahren\n                            <\/span>\n                        <\/a>\n                                                                                <a class=\"article-teaser article-teaser--small article-teaser--4\" href=\"https:\/\/www.finanzen.at\/ratgeber\/investui-erfahrungen\/\">\n                            <h3 class=\"headline headline--h3 article-teaser__headline\">\n                                Investui Erfahrungen                            <\/h3>\n                            <div class=\"article-teaser__excerpt\">\n                                <span class=\"article-teaser__excerpt-arrow\">\n                                    Seit 2018 bietet WH SelfInvest mit Investui einen Service an, mit dem private Investoren mit kurzfristigen &#8230;                                <\/span>\n                            <\/div>\n                            <span class=\"article-teaser__more-link link link--arrow-right\">\n                                Mehr erfahren\n                            <\/span>\n                        <\/a>\n                                                                                <a class=\"article-teaser article-teaser--small article-teaser--5\" href=\"https:\/\/www.finanzen.at\/ratgeber\/freestoxx-erfahrungen-der-broker-fuer-us-aktien-im-test\/\">\n                            <h3 class=\"headline headline--h3 article-teaser__headline\">\n                                Freestoxx                            <\/h3>\n                            <div class=\"article-teaser__excerpt\">\n                                <span class=\"article-teaser__excerpt-arrow\">\n                                    Der US-amerikanische Aktienmarkt ist der gr\u00f6\u00dfte auf unserem sch\u00f6nen Planeten und bietet Anlegern viele M\u00f6glichkeiten und &#8230;                                <\/span>\n                            <\/div>\n                            <span class=\"article-teaser__more-link link link--arrow-right\">\n                                Mehr erfahren\n                            <\/span>\n                        <\/a>\n                                                <\/div>\n        <\/div>\n    <\/div>\n\n\n\n\n\n\n            <div class=\"container\" >\n                            <h2 class=\"headline headline--h1\">Robo-Advisor<\/h2>\n                        <div class=\"article-teasers\">\n                                                                                    <div class=\"article-teasers__container-primary\">\n                            <div class=\"article-teasers__container-primary-inner\">\n                                                                    <a class=\"article-teaser article-teaser--large article-teaser--1\" href=\"https:\/\/www.finanzen.at\/ratgeber\/quirion-test-und-erfahrungen\/\">\n                                                                    <div class=\"article-teaser__image\">\n                                        <img loading=\"lazy\" decoding=\"async\" width=\"1920\" height=\"882\" src=\"https:\/\/www.finanzen.at\/ratgeber\/wp-content\/uploads\/sites\/3\/2024\/01\/shutterstock_1913595385-PhotoRoom.jpg\" class=\"attachment-post-thumbnail size-post-thumbnail wp-post-image\" alt=\"\" srcset=\"https:\/\/www.finanzen.at\/ratgeber\/wp-content\/uploads\/sites\/3\/2024\/01\/shutterstock_1913595385-PhotoRoom.jpg 1920w, https:\/\/www.finanzen.at\/ratgeber\/wp-content\/uploads\/sites\/3\/2024\/01\/shutterstock_1913595385-PhotoRoom-300x138.jpg 300w, https:\/\/www.finanzen.at\/ratgeber\/wp-content\/uploads\/sites\/3\/2024\/01\/shutterstock_1913595385-PhotoRoom-1024x470.jpg 1024w, https:\/\/www.finanzen.at\/ratgeber\/wp-content\/uploads\/sites\/3\/2024\/01\/shutterstock_1913595385-PhotoRoom-768x353.jpg 768w, https:\/\/www.finanzen.at\/ratgeber\/wp-content\/uploads\/sites\/3\/2024\/01\/shutterstock_1913595385-PhotoRoom-1536x706.jpg 1536w\" sizes=\"auto, (max-width: 1920px) 100vw, 1920px\" \/>                                    <\/div>\n                                    <div class=\"article-teaser__content-container\">\n                                                                                    <div class=\"article-teaser__preline\">\n                                                Unter der Lupe                                            <\/div>\n                                                                                                        <h3 class=\"headline headline--h3 article-teaser__headline\">\n                                    Quirion Erfahrungen                                <\/h3>\n                                <div class=\"article-teaser__excerpt\">\n                                                                            <span class=\"article-teaser__excerpt-arrow\">\n                                            Quirion ist der Robo-Advisor der Quirin Privatbank AG und war einer der ersten digitalen Verm\u00f6gensverwalter auf &#8230;                                        <\/span>\n                                                                    <\/div>\n                                <span class=\"article-teaser__more-link link link--arrow-right\">\n                                    Mehr erfahren\n                                <\/span>\n                                                                    <\/div>\n                                                            <\/a>\n                                                                                                                            <a class=\"article-teaser article-teaser--large article-teaser--2\" href=\"https:\/\/www.finanzen.at\/ratgeber\/robo-advisor\/\">\n                                                                    <div class=\"article-teaser__image\">\n                                        <img loading=\"lazy\" decoding=\"async\" width=\"1920\" height=\"882\" src=\"https:\/\/www.finanzen.at\/ratgeber\/wp-content\/uploads\/sites\/3\/2024\/01\/shutterstock_2107776056-PhotoRoom.jpg\" class=\"attachment-post-thumbnail size-post-thumbnail wp-post-image\" alt=\"\" srcset=\"https:\/\/www.finanzen.at\/ratgeber\/wp-content\/uploads\/sites\/3\/2024\/01\/shutterstock_2107776056-PhotoRoom.jpg 1920w, https:\/\/www.finanzen.at\/ratgeber\/wp-content\/uploads\/sites\/3\/2024\/01\/shutterstock_2107776056-PhotoRoom-300x138.jpg 300w, https:\/\/www.finanzen.at\/ratgeber\/wp-content\/uploads\/sites\/3\/2024\/01\/shutterstock_2107776056-PhotoRoom-1024x470.jpg 1024w, https:\/\/www.finanzen.at\/ratgeber\/wp-content\/uploads\/sites\/3\/2024\/01\/shutterstock_2107776056-PhotoRoom-768x353.jpg 768w, https:\/\/www.finanzen.at\/ratgeber\/wp-content\/uploads\/sites\/3\/2024\/01\/shutterstock_2107776056-PhotoRoom-1536x706.jpg 1536w\" sizes=\"auto, (max-width: 1920px) 100vw, 1920px\" \/>                                    <\/div>\n                                    <div class=\"article-teaser__content-container\">\n                                                                                    <div class=\"article-teaser__preline\">\n                                                Digitale Verm\u00f6gensverwalter                                            <\/div>\n                                                                                                        <h3 class=\"headline headline--h3 article-teaser__headline\">\n                                    Robo-Advisor-Vergleich                                <\/h3>\n                                <div class=\"article-teaser__excerpt\">\n                                                                            <span class=\"article-teaser__excerpt-arrow\">\n                                            Wer wenig Zeit hat, kann sein Geld einfach, g\u00fcnstig und zeitsparend mithilfe von einem Robo-Advisor anlegen. &#8230;                                        <\/span>\n                                                                    <\/div>\n                                <span class=\"article-teaser__more-link link link--arrow-right\">\n                                    Mehr erfahren\n                                <\/span>\n                                                                    <\/div>\n                                                            <\/a>\n                                                                        <\/div>\n                        <\/div>\n                                                                    <\/div>\n        <\/div>\n    \n    \n","protected":false},"excerpt":{"rendered":"","protected":false},"author":9,"featured_media":0,"parent":0,"menu_order":0,"comment_status":"closed","ping_status":"closed","template":"","meta":{"_acf_changed":false,"footnotes":""},"class_list":["post-107","page","type-page","status-publish","hentry"],"acf":[],"yoast_head":"<title>Anlegen - Ratgeber: Wissenswertes rund um die Geldanlage | finanzen.at<\/title>\n<meta name=\"robots\" content=\"index, follow, max-snippet:-1, max-image-preview:large, max-video-preview:-1\" \/>\n<link rel=\"canonical\" href=\"https:\/\/www.finanzen.at\/ratgeber\/anlegen\/\" \/>\n<meta property=\"og:locale\" content=\"de_DE\" \/>\n<meta property=\"og:type\" content=\"article\" \/>\n<meta property=\"og:title\" content=\"Anlegen - Ratgeber: Wissenswertes rund um die Geldanlage | finanzen.at\" \/>\n<meta property=\"og:url\" content=\"https:\/\/www.finanzen.at\/ratgeber\/anlegen\/\" \/>\n<meta property=\"og:site_name\" content=\"Ratgeber: Wissenswertes rund um die Geldanlage | finanzen.at\" \/>\n<meta property=\"article:publisher\" content=\"https:\/\/www.facebook.com\/finanzen.at\" \/>\n<meta property=\"article:modified_time\" content=\"2026-02-26T14:10:29+00:00\" \/>\n<meta name=\"twitter:card\" content=\"summary_large_image\" \/>\n<meta name=\"twitter:label1\" content=\"Gesch\u00e4tzte Lesezeit\" \/>\n\t<meta name=\"twitter:data1\" content=\"2\u00a0Minuten\" \/>","yoast_head_json":{"title":"Anlegen - Ratgeber: Wissenswertes rund um die Geldanlage | finanzen.at","robots":{"index":"index","follow":"follow","max-snippet":"max-snippet:-1","max-image-preview":"max-image-preview:large","max-video-preview":"max-video-preview:-1"},"canonical":"https:\/\/www.finanzen.at\/ratgeber\/anlegen\/","og_locale":"de_DE","og_type":"article","og_title":"Anlegen - Ratgeber: Wissenswertes rund um die Geldanlage | finanzen.at","og_url":"https:\/\/www.finanzen.at\/ratgeber\/anlegen\/","og_site_name":"Ratgeber: Wissenswertes rund um die Geldanlage | finanzen.at","article_publisher":"https:\/\/www.facebook.com\/finanzen.at","article_modified_time":"2026-02-26T14:10:29+00:00","twitter_card":"summary_large_image","twitter_misc":{"Gesch\u00e4tzte Lesezeit":"2\u00a0Minuten"},"schema":{"@context":"https:\/\/schema.org","@graph":[{"@type":"WebPage","@id":"https:\/\/www.finanzen.at\/ratgeber\/anlegen\/","url":"https:\/\/www.finanzen.at\/ratgeber\/anlegen\/","name":"Anlegen - Ratgeber: Wissenswertes rund um die Geldanlage | finanzen.at","isPartOf":{"@id":"https:\/\/www.finanzen.at\/ratgeber\/#website"},"datePublished":"2024-07-11T04:45:45+00:00","dateModified":"2026-02-26T14:10:29+00:00","breadcrumb":{"@id":"https:\/\/www.finanzen.at\/ratgeber\/anlegen\/#breadcrumb"},"inLanguage":"de","potentialAction":[{"@type":"ReadAction","target":["https:\/\/www.finanzen.at\/ratgeber\/anlegen\/"]}]},{"@type":"BreadcrumbList","@id":"https:\/\/www.finanzen.at\/ratgeber\/anlegen\/#breadcrumb","itemListElement":[{"@type":"ListItem","position":1,"name":"Startseite","item":"https:\/\/www.finanzen.at\/ratgeber\/"},{"@type":"ListItem","position":2,"name":"Anlegen"}]},{"@type":"WebSite","@id":"https:\/\/www.finanzen.at\/ratgeber\/#website","url":"https:\/\/www.finanzen.at\/ratgeber\/","name":"Ratgeber: Wissenswertes rund um die Geldanlage | finanzen.at","description":"","publisher":{"@id":"https:\/\/www.finanzen.at\/ratgeber\/#organization"},"potentialAction":[{"@type":"SearchAction","target":{"@type":"EntryPoint","urlTemplate":"https:\/\/www.finanzen.at\/ratgeber\/?s={search_term_string}"},"query-input":{"@type":"PropertyValueSpecification","valueRequired":true,"valueName":"search_term_string"}}],"inLanguage":"de"},{"@type":"Organization","@id":"https:\/\/www.finanzen.at\/ratgeber\/#organization","name":"Ratgeber: Wissenswertes rund um die Geldanlage | finanzen.at","url":"https:\/\/www.finanzen.at\/ratgeber\/","logo":{"@type":"ImageObject","inLanguage":"de","@id":"https:\/\/www.finanzen.at\/ratgeber\/#\/schema\/logo\/image\/","url":"https:\/\/www.finanzen.at\/ratgeber\/wp-content\/uploads\/sites\/3\/2024\/07\/finAT-ratgeber-logo_NEU.svg","contentUrl":"https:\/\/www.finanzen.at\/ratgeber\/wp-content\/uploads\/sites\/3\/2024\/07\/finAT-ratgeber-logo_NEU.svg","width":1,"height":1,"caption":"Ratgeber: Wissenswertes rund um die Geldanlage | finanzen.at"},"image":{"@id":"https:\/\/www.finanzen.at\/ratgeber\/#\/schema\/logo\/image\/"},"sameAs":["https:\/\/www.facebook.com\/finanzen.at"]}]}},"_links":{"self":[{"href":"https:\/\/www.finanzen.at\/ratgeber\/wp-json\/wp\/v2\/pages\/107","targetHints":{"allow":["GET"]}}],"collection":[{"href":"https:\/\/www.finanzen.at\/ratgeber\/wp-json\/wp\/v2\/pages"}],"about":[{"href":"https:\/\/www.finanzen.at\/ratgeber\/wp-json\/wp\/v2\/types\/page"}],"author":[{"embeddable":true,"href":"https:\/\/www.finanzen.at\/ratgeber\/wp-json\/wp\/v2\/users\/9"}],"replies":[{"embeddable":true,"href":"https:\/\/www.finanzen.at\/ratgeber\/wp-json\/wp\/v2\/comments?post=107"}],"version-history":[{"count":2,"href":"https:\/\/www.finanzen.at\/ratgeber\/wp-json\/wp\/v2\/pages\/107\/revisions"}],"predecessor-version":[{"id":12584,"href":"https:\/\/www.finanzen.at\/ratgeber\/wp-json\/wp\/v2\/pages\/107\/revisions\/12584"}],"wp:attachment":[{"href":"https:\/\/www.finanzen.at\/ratgeber\/wp-json\/wp\/v2\/media?parent=107"}],"curies":[{"name":"wp","href":"https:\/\/api.w.org\/{rel}","templated":true}]}}