{"id":115,"date":"2024-07-11T06:48:25","date_gmt":"2024-07-11T04:48:25","guid":{"rendered":"https:\/\/at.fnet-ratgeber.dcm-server.de\/?page_id=115"},"modified":"2026-02-26T15:10:30","modified_gmt":"2026-02-26T14:10:30","slug":"kryptowaehrung","status":"publish","type":"page","link":"https:\/\/www.finanzen.at\/ratgeber\/kryptowaehrung\/","title":{"rendered":"Kryptow\u00e4hrung"},"content":{"rendered":"\n\n\n    <div class=\"container\">\n                    <h2 class=\"headline headline--h1\">Kryptohandel<\/h2>\n        \n        <div class=\"article-teasers\">\n            <div class=\"article-teasers__container-primary\">\n                <div class=\"article-teasers__container-primary-inner\">\n                                                                        <a class=\"article-teaser article-teaser--large article-teaser--1\" href=\"https:\/\/www.finanzen.at\/ratgeber\/bitcoin-kaufen\/\">\n                                <div class=\"article-teaser__image\">\n                                    <img loading=\"lazy\" decoding=\"async\" width=\"1920\" height=\"882\" src=\"https:\/\/www.finanzen.at\/ratgeber\/wp-content\/uploads\/sites\/3\/2024\/01\/btc-2.jpg\" class=\"attachment-post-thumbnail size-post-thumbnail wp-post-image\" alt=\"\" srcset=\"https:\/\/www.finanzen.at\/ratgeber\/wp-content\/uploads\/sites\/3\/2024\/01\/btc-2.jpg 1920w, https:\/\/www.finanzen.at\/ratgeber\/wp-content\/uploads\/sites\/3\/2024\/01\/btc-2-300x138.jpg 300w, https:\/\/www.finanzen.at\/ratgeber\/wp-content\/uploads\/sites\/3\/2024\/01\/btc-2-1024x470.jpg 1024w, https:\/\/www.finanzen.at\/ratgeber\/wp-content\/uploads\/sites\/3\/2024\/01\/btc-2-768x353.jpg 768w, https:\/\/www.finanzen.at\/ratgeber\/wp-content\/uploads\/sites\/3\/2024\/01\/btc-2-1536x706.jpg 1536w\" sizes=\"auto, (max-width: 1920px) 100vw, 1920px\" \/>                                <\/div>\n                                <div class=\"article-teaser__content-container\">\n                                    <div class=\"article-teaser__preline\">\n                                                                            <\/div>\n                                    <h3 class=\"headline headline--h3 article-teaser__headline\">\n                                        Bitcoin kaufen                                    <\/h3>\n                                    <div class=\"article-teaser__excerpt\">\n                                        <span class=\"article-teaser__excerpt-arrow\">\n                                            Bitcoin hat sich als stabile Anlageform auch in Krisenzeiten etabliert &#8211; alles zum Kauf                                        <\/span>\n                                    <\/div>\n                                    <span class=\"article-teaser__more-link link link--arrow-right\">\n                                        Mehr erfahren\n                                    <\/span>\n                                <\/div>\n                            <\/a>\n                                                                                                <a class=\"article-teaser article-teaser--large article-teaser--2\" href=\"https:\/\/www.finanzen.at\/ratgeber\/ethereum-kaufen\/\">\n                                <div class=\"article-teaser__image\">\n                                                                    <\/div>\n                                <div class=\"article-teaser__content-container\">\n                                    <div class=\"article-teaser__preline\">\n                                                                            <\/div>\n                                    <h3 class=\"headline headline--h3 article-teaser__headline\">\n                                        Ethereum kaufen                                    <\/h3>\n                                    <div class=\"article-teaser__excerpt\">\n                                        <span class=\"article-teaser__excerpt-arrow\">\n                                            Hintergr\u00fcnde und Tipps zum Kauf der zweitgr\u00f6\u00dften Kryptow\u00e4hrung nach Bitcoin                                        <\/span>\n                                    <\/div>\n                                    <span class=\"article-teaser__more-link link link--arrow-right\">\n                                        Mehr erfahren\n                                    <\/span>\n                                <\/div>\n                            <\/a>\n                                                            <\/div>\n            <\/div>\n\n            <div class=\"article-teasers__container-secondary\">\n                                                            <a class=\"article-teaser article-teaser--small article-teaser--3\" href=\"https:\/\/www.finanzen.at\/ratgeber\/cardano-kaufen\/\">\n                            <h3 class=\"headline headline--h3 article-teaser__headline\">\n                                Cardano kaufen                            <\/h3>\n                            <div class=\"article-teaser__excerpt\">\n                                <span class=\"article-teaser__excerpt-arrow\">\n                                    Von Oktober bis Dezember 2017 hat sich die Marktkapitalisierung von Cardano (ADA) mehr als vervierfacht \u2013 &#8230;                                <\/span>\n                            <\/div>\n                            <span class=\"article-teaser__more-link link link--arrow-right\">\n                                Mehr erfahren\n                            <\/span>\n                        <\/a>\n                                                                                <a class=\"article-teaser article-teaser--small article-teaser--4\" href=\"https:\/\/www.finanzen.at\/ratgeber\/ripple-kaufen\/\">\n                            <h3 class=\"headline headline--h3 article-teaser__headline\">\n                                Ripple kaufen                            <\/h3>\n                            <div class=\"article-teaser__excerpt\">\n                                <span class=\"article-teaser__excerpt-arrow\">\n                                    Unter den Krypto-Coins \u00e1 la Bitcoin, Ethereum, Litecoin und Co. spielt Ripple eine besondere Rolle                                <\/span>\n                            <\/div>\n                            <span class=\"article-teaser__more-link link link--arrow-right\">\n                                Mehr erfahren\n                            <\/span>\n                        <\/a>\n                                                                                <a class=\"article-teaser article-teaser--small article-teaser--5\" href=\"https:\/\/www.finanzen.at\/ratgeber\/bison-test-und-erfahrungen\/\">\n                            <h3 class=\"headline headline--h3 article-teaser__headline\">\n                                Bison                            <\/h3>\n                            <div class=\"article-teaser__excerpt\">\n                                <span class=\"article-teaser__excerpt-arrow\">\n                                    Der Krypto-Boom h\u00e4lt an. Vor allem Trading-Apps erfreuen sich gerade bei jungen Anlegern gro\u00dfer Beliebtheit. Bison &#8230;                                <\/span>\n                            <\/div>\n                            <span class=\"article-teaser__more-link link link--arrow-right\">\n                                Mehr erfahren\n                            <\/span>\n                        <\/a>\n                                                <\/div>\n        <\/div>\n    <\/div>\n\n\n\n\n\n\n            <div class=\"container\" >\n                            <h2 class=\"headline headline--h1\">Kryptos Grundlagen<\/h2>\n                        <div class=\"article-teasers\">\n                                                                                    <div class=\"article-teasers__container-primary\">\n                            <div class=\"article-teasers__container-primary-inner\">\n                                                                    <a class=\"article-teaser article-teaser--large article-teaser--1\" href=\"https:\/\/www.finanzen.at\/ratgeber\/krypto-broker-vergleich\/\">\n                                                                    <div class=\"article-teaser__image\">\n                                        <img loading=\"lazy\" decoding=\"async\" width=\"1920\" height=\"882\" src=\"https:\/\/www.finanzen.at\/ratgeber\/wp-content\/uploads\/sites\/3\/2024\/01\/shutterstock_2303052211-PhotoRoom.jpg\" class=\"attachment-post-thumbnail size-post-thumbnail wp-post-image\" alt=\"\" srcset=\"https:\/\/www.finanzen.at\/ratgeber\/wp-content\/uploads\/sites\/3\/2024\/01\/shutterstock_2303052211-PhotoRoom.jpg 1920w, https:\/\/www.finanzen.at\/ratgeber\/wp-content\/uploads\/sites\/3\/2024\/01\/shutterstock_2303052211-PhotoRoom-300x138.jpg 300w, https:\/\/www.finanzen.at\/ratgeber\/wp-content\/uploads\/sites\/3\/2024\/01\/shutterstock_2303052211-PhotoRoom-1024x470.jpg 1024w, https:\/\/www.finanzen.at\/ratgeber\/wp-content\/uploads\/sites\/3\/2024\/01\/shutterstock_2303052211-PhotoRoom-768x353.jpg 768w, https:\/\/www.finanzen.at\/ratgeber\/wp-content\/uploads\/sites\/3\/2024\/01\/shutterstock_2303052211-PhotoRoom-1536x706.jpg 1536w\" sizes=\"auto, (max-width: 1920px) 100vw, 1920px\" \/>                                    <\/div>\n                                    <div class=\"article-teaser__content-container\">\n                                                                                    <div class=\"article-teaser__preline\">\n                                                Krypto Broker im Test                                            <\/div>\n                                                                                                        <h3 class=\"headline headline--h3 article-teaser__headline\">\n                                    Krypto Broker Vergleich                                <\/h3>\n                                <div class=\"article-teaser__excerpt\">\n                                                                    <\/div>\n                                <span class=\"article-teaser__more-link link link--arrow-right\">\n                                    Mehr erfahren\n                                <\/span>\n                                                                    <\/div>\n                                                            <\/a>\n                                                                                                                            <a class=\"article-teaser article-teaser--large article-teaser--2\" href=\"https:\/\/www.finanzen.at\/ratgeber\/kryptowahrung-kaufen\/\">\n                                                                    <div class=\"article-teaser__image\">\n                                        <img loading=\"lazy\" decoding=\"async\" width=\"1920\" height=\"882\" src=\"https:\/\/www.finanzen.at\/ratgeber\/wp-content\/uploads\/sites\/3\/2024\/01\/btc.jpg\" class=\"attachment-post-thumbnail size-post-thumbnail wp-post-image\" alt=\"\" srcset=\"https:\/\/www.finanzen.at\/ratgeber\/wp-content\/uploads\/sites\/3\/2024\/01\/btc.jpg 1920w, https:\/\/www.finanzen.at\/ratgeber\/wp-content\/uploads\/sites\/3\/2024\/01\/btc-300x138.jpg 300w, https:\/\/www.finanzen.at\/ratgeber\/wp-content\/uploads\/sites\/3\/2024\/01\/btc-1024x470.jpg 1024w, https:\/\/www.finanzen.at\/ratgeber\/wp-content\/uploads\/sites\/3\/2024\/01\/btc-768x353.jpg 768w, https:\/\/www.finanzen.at\/ratgeber\/wp-content\/uploads\/sites\/3\/2024\/01\/btc-1536x706.jpg 1536w\" sizes=\"auto, (max-width: 1920px) 100vw, 1920px\" \/>                                    <\/div>\n                                    <div class=\"article-teaser__content-container\">\n                                                                                    <div class=\"article-teaser__preline\">\n                                                Kryptow\u00e4hrungs-Handel                                            <\/div>\n                                                                                                        <h3 class=\"headline headline--h3 article-teaser__headline\">\n                                    Kryptow\u00e4hrung kaufen                                <\/h3>\n                                <div class=\"article-teaser__excerpt\">\n                                                                            <span class=\"article-teaser__excerpt-arrow\">\n                                            Bitcoin, Bitcoin Cash, Litecoin, Dash und Ethereum &#8211; Kryptow\u00e4hrungen sind f\u00fcr Investoren und B\u00f6rsenspekulanten besonders interessant. &#8230;                                        <\/span>\n                                                                    <\/div>\n                                <span class=\"article-teaser__more-link link link--arrow-right\">\n                                    Mehr erfahren\n                                <\/span>\n                                                                    <\/div>\n                                                            <\/a>\n                                                                        <\/div>\n                        <\/div>\n                                                                    <\/div>\n        <\/div>\n    \n    \n","protected":false},"excerpt":{"rendered":"","protected":false},"author":9,"featured_media":0,"parent":0,"menu_order":0,"comment_status":"closed","ping_status":"closed","template":"","meta":{"_acf_changed":false,"footnotes":""},"class_list":["post-115","page","type-page","status-publish","hentry"],"acf":[],"yoast_head":"<title>Kryptow\u00e4hrung - Ratgeber: Wissenswertes rund um die Geldanlage | finanzen.at<\/title>\n<meta name=\"robots\" content=\"index, follow, max-snippet:-1, max-image-preview:large, max-video-preview:-1\" \/>\n<link rel=\"canonical\" href=\"https:\/\/www.finanzen.at\/ratgeber\/kryptowaehrung\/\" \/>\n<meta property=\"og:locale\" content=\"de_DE\" \/>\n<meta property=\"og:type\" content=\"article\" \/>\n<meta property=\"og:title\" content=\"Kryptow\u00e4hrung - Ratgeber: Wissenswertes rund um die Geldanlage | finanzen.at\" \/>\n<meta property=\"og:url\" content=\"https:\/\/www.finanzen.at\/ratgeber\/kryptowaehrung\/\" \/>\n<meta property=\"og:site_name\" content=\"Ratgeber: Wissenswertes rund um die Geldanlage | finanzen.at\" \/>\n<meta property=\"article:publisher\" content=\"https:\/\/www.facebook.com\/finanzen.at\" \/>\n<meta property=\"article:modified_time\" content=\"2026-02-26T14:10:30+00:00\" \/>\n<meta name=\"twitter:card\" content=\"summary_large_image\" \/>\n<meta name=\"twitter:label1\" content=\"Gesch\u00e4tzte Lesezeit\" \/>\n\t<meta name=\"twitter:data1\" content=\"2\u00a0Minuten\" \/>","yoast_head_json":{"title":"Kryptow\u00e4hrung - Ratgeber: Wissenswertes rund um die Geldanlage | finanzen.at","robots":{"index":"index","follow":"follow","max-snippet":"max-snippet:-1","max-image-preview":"max-image-preview:large","max-video-preview":"max-video-preview:-1"},"canonical":"https:\/\/www.finanzen.at\/ratgeber\/kryptowaehrung\/","og_locale":"de_DE","og_type":"article","og_title":"Kryptow\u00e4hrung - Ratgeber: Wissenswertes rund um die Geldanlage | finanzen.at","og_url":"https:\/\/www.finanzen.at\/ratgeber\/kryptowaehrung\/","og_site_name":"Ratgeber: Wissenswertes rund um die Geldanlage | finanzen.at","article_publisher":"https:\/\/www.facebook.com\/finanzen.at","article_modified_time":"2026-02-26T14:10:30+00:00","twitter_card":"summary_large_image","twitter_misc":{"Gesch\u00e4tzte Lesezeit":"2\u00a0Minuten"},"schema":{"@context":"https:\/\/schema.org","@graph":[{"@type":"WebPage","@id":"https:\/\/www.finanzen.at\/ratgeber\/kryptowaehrung\/","url":"https:\/\/www.finanzen.at\/ratgeber\/kryptowaehrung\/","name":"Kryptow\u00e4hrung - Ratgeber: Wissenswertes rund um die Geldanlage | finanzen.at","isPartOf":{"@id":"https:\/\/www.finanzen.at\/ratgeber\/#website"},"datePublished":"2024-07-11T04:48:25+00:00","dateModified":"2026-02-26T14:10:30+00:00","breadcrumb":{"@id":"https:\/\/www.finanzen.at\/ratgeber\/kryptowaehrung\/#breadcrumb"},"inLanguage":"de","potentialAction":[{"@type":"ReadAction","target":["https:\/\/www.finanzen.at\/ratgeber\/kryptowaehrung\/"]}]},{"@type":"BreadcrumbList","@id":"https:\/\/www.finanzen.at\/ratgeber\/kryptowaehrung\/#breadcrumb","itemListElement":[{"@type":"ListItem","position":1,"name":"Startseite","item":"https:\/\/www.finanzen.at\/ratgeber\/"},{"@type":"ListItem","position":2,"name":"Kryptow\u00e4hrung"}]},{"@type":"WebSite","@id":"https:\/\/www.finanzen.at\/ratgeber\/#website","url":"https:\/\/www.finanzen.at\/ratgeber\/","name":"Ratgeber: Wissenswertes rund um die Geldanlage | finanzen.at","description":"","publisher":{"@id":"https:\/\/www.finanzen.at\/ratgeber\/#organization"},"potentialAction":[{"@type":"SearchAction","target":{"@type":"EntryPoint","urlTemplate":"https:\/\/www.finanzen.at\/ratgeber\/?s={search_term_string}"},"query-input":{"@type":"PropertyValueSpecification","valueRequired":true,"valueName":"search_term_string"}}],"inLanguage":"de"},{"@type":"Organization","@id":"https:\/\/www.finanzen.at\/ratgeber\/#organization","name":"Ratgeber: Wissenswertes rund um die Geldanlage | finanzen.at","url":"https:\/\/www.finanzen.at\/ratgeber\/","logo":{"@type":"ImageObject","inLanguage":"de","@id":"https:\/\/www.finanzen.at\/ratgeber\/#\/schema\/logo\/image\/","url":"https:\/\/www.finanzen.at\/ratgeber\/wp-content\/uploads\/sites\/3\/2024\/07\/finAT-ratgeber-logo_NEU.svg","contentUrl":"https:\/\/www.finanzen.at\/ratgeber\/wp-content\/uploads\/sites\/3\/2024\/07\/finAT-ratgeber-logo_NEU.svg","width":1,"height":1,"caption":"Ratgeber: Wissenswertes rund um die Geldanlage | finanzen.at"},"image":{"@id":"https:\/\/www.finanzen.at\/ratgeber\/#\/schema\/logo\/image\/"},"sameAs":["https:\/\/www.facebook.com\/finanzen.at"]}]}},"_links":{"self":[{"href":"https:\/\/www.finanzen.at\/ratgeber\/wp-json\/wp\/v2\/pages\/115","targetHints":{"allow":["GET"]}}],"collection":[{"href":"https:\/\/www.finanzen.at\/ratgeber\/wp-json\/wp\/v2\/pages"}],"about":[{"href":"https:\/\/www.finanzen.at\/ratgeber\/wp-json\/wp\/v2\/types\/page"}],"author":[{"embeddable":true,"href":"https:\/\/www.finanzen.at\/ratgeber\/wp-json\/wp\/v2\/users\/9"}],"replies":[{"embeddable":true,"href":"https:\/\/www.finanzen.at\/ratgeber\/wp-json\/wp\/v2\/comments?post=115"}],"version-history":[{"count":2,"href":"https:\/\/www.finanzen.at\/ratgeber\/wp-json\/wp\/v2\/pages\/115\/revisions"}],"predecessor-version":[{"id":12593,"href":"https:\/\/www.finanzen.at\/ratgeber\/wp-json\/wp\/v2\/pages\/115\/revisions\/12593"}],"wp:attachment":[{"href":"https:\/\/www.finanzen.at\/ratgeber\/wp-json\/wp\/v2\/media?parent=115"}],"curies":[{"name":"wp","href":"https:\/\/api.w.org\/{rel}","templated":true}]}}