{"id":5,"date":"2024-07-09T12:20:38","date_gmt":"2024-07-09T10:20:38","guid":{"rendered":"https:\/\/at.fnet-ratgeber.dcm-server.de\/?page_id=5"},"modified":"2026-02-26T15:10:30","modified_gmt":"2026-02-26T14:10:30","slug":"startseite","status":"publish","type":"page","link":"https:\/\/www.finanzen.at\/ratgeber\/","title":{"rendered":"Startseite"},"content":{"rendered":"\n<div class=\"container\">\n    <div class=\"article-teasers article-teasers--top\">\n        <div class=\"article-teasers__container-primary article-teasers__container-primary--swiper js-top-article-swiper\">\n            <span class=\"article-teaser__tag\">Top Artikel<\/span>\n            <div class=\"swiper-wrapper\">\n                                                            <a href=\"https:\/\/www.finanzen.at\/ratgeber\/bitcoin-kaufen\/\" class=\"article-teaser article-teaser--top swiper-slide\" style=\"background-image: url(https:\/\/www.finanzen.at\/ratgeber\/wp-content\/uploads\/sites\/3\/2024\/01\/btc-2.jpg); --top-teaser-color: #000000;\">\n                            <div class=\"article-teaser__top-content\">\n                                <h2 class=\"headline headline--h1\">\n                                    Bitcoin kaufen                                <\/h2>\n                                <div class=\"article-teaser__excerpt\">\n                                    Bitcoin hat sich als stabile Anlageform auch in Krisenzeiten etabliert &#8211; alles zum Kauf                                <\/div>\n                            <\/div>\n                        <\/a>\n                                                                                <a href=\"https:\/\/www.finanzen.at\/ratgeber\/aktien-kaufen\/\" class=\"article-teaser article-teaser--top swiper-slide\" style=\"background-image: url(https:\/\/www.finanzen.at\/ratgeber\/wp-content\/uploads\/sites\/3\/2018\/05\/shutterstock_1978640519-PhotoRoom.jpg); --top-teaser-color: #000000;\">\n                            <div class=\"article-teaser__top-content\">\n                                <h2 class=\"headline headline--h1\">\n                                    Aktien kaufen                                <\/h2>\n                                <div class=\"article-teaser__excerpt\">\n                                    Zehn Erfolgsgeheimnisse erfolgreicher B\u00f6rsenprofis beim Handel mit Aktien                                <\/div>\n                            <\/div>\n                        <\/a>\n                                                                                <a href=\"https:\/\/www.finanzen.at\/ratgeber\/etf-kaufen\/\" class=\"article-teaser article-teaser--top swiper-slide\" style=\"background-image: url(https:\/\/www.finanzen.at\/ratgeber\/wp-content\/uploads\/sites\/3\/2024\/01\/shutterstock_1998833726-PhotoRoom.jpg); --top-teaser-color: #000000;\">\n                            <div class=\"article-teaser__top-content\">\n                                <h2 class=\"headline headline--h1\">\n                                    ETF kaufen                                <\/h2>\n                                <div class=\"article-teaser__excerpt\">\n                                    ETFs revolutionieren die Geldanlage mit Transparenz und Kosteneffizienz. Doch worauf sollten Anleger beim ETF-Kauf achten?                                <\/div>\n                            <\/div>\n                        <\/a>\n                                                <\/div>\n            <div class=\"article-teasers__swiper-button-next swiper-button-next\"><\/div>\n            <div class=\"article-teasers__swiper-button-prev swiper-button-prev\"><\/div>\n            <div class=\"article-teasers__swiper-pagination article-teasers__swiper-pagination--top\"><\/div>\n        <\/div>\n        <div class=\"article-teasers__container-secondary\">\n                            <a class=\"article-teaser article-teaser--small\" href=\"https:\/\/www.finanzen.at\/ratgeber\/msci-world-etf\/\">\n                    <h3 class=\"headline headline--h3 article-teaser__headline\">\n                        MSCI World-ETF                    <\/h3>\n                    <div class=\"article-teaser__excerpt\">\n                        <span class=\"article-teaser__excerpt-arrow\">\n                            Was bei der Auswahl wirklich wichtig ist und wie Sie den besten MSCI World-ETF finden                        <\/span>\n                    <\/div>\n                    <span class=\"article-teaser__more-link link link--arrow-right\">\n                        Mehr erfahren\n                    <\/span>\n                <\/a>\n                            <a class=\"article-teaser article-teaser--small\" href=\"https:\/\/www.finanzen.at\/ratgeber\/investieren-in-gold-etfs\/\">\n                    <h3 class=\"headline headline--h3 article-teaser__headline\">\n                        Gold-ETF                    <\/h3>\n                    <div class=\"article-teaser__excerpt\">\n                        <span class=\"article-teaser__excerpt-arrow\">\n                            Gold gilt als wertvoller Baustein bei der Geldanlage &#8211; gerade in turbulenten B\u00f6rsenzeiten. Mit Gold-ETFs und &#8230;                        <\/span>\n                    <\/div>\n                    <span class=\"article-teaser__more-link link link--arrow-right\">\n                        Mehr erfahren\n                    <\/span>\n                <\/a>\n                            <a class=\"article-teaser article-teaser--small\" href=\"https:\/\/www.finanzen.at\/ratgeber\/tagesgeld-vergleich\/\">\n                    <h3 class=\"headline headline--h3 article-teaser__headline\">\n                        Tagesgeldvergleich                    <\/h3>\n                    <div class=\"article-teaser__excerpt\">\n                        <span class=\"article-teaser__excerpt-arrow\">\n                            Unser Tagesgeldvergleich offenbart: Sparer haben es in Zeiten mit hohen Inflationsraten nicht leicht. Die Zinsen entwickeln &#8230;                        <\/span>\n                    <\/div>\n                    <span class=\"article-teaser__more-link link link--arrow-right\">\n                        Mehr erfahren\n                    <\/span>\n                <\/a>\n                    <\/div>\n    <\/div>\n<\/div>\n\n\n\n\n\n    <div class=\"container\">\n                    <h2 class=\"headline headline--h1\">ETFs &#038; Fonds \u2013 Optimal diversifiziert investieren<\/h2>\n        \n        <div class=\"article-teasers\">\n            <div class=\"article-teasers__container-primary\">\n                <div class=\"article-teasers__container-primary-inner\">\n                                                                        <a class=\"article-teaser article-teaser--large article-teaser--1\" href=\"https:\/\/www.finanzen.at\/ratgeber\/fonds-kaufen\/\">\n                                <div class=\"article-teaser__image\">\n                                    <img loading=\"lazy\" decoding=\"async\" width=\"1920\" height=\"882\" src=\"https:\/\/www.finanzen.at\/ratgeber\/wp-content\/uploads\/sites\/3\/2024\/01\/shutterstock_1824985307-PhotoRoom.jpg\" class=\"attachment-post-thumbnail size-post-thumbnail wp-post-image\" alt=\"\" srcset=\"https:\/\/www.finanzen.at\/ratgeber\/wp-content\/uploads\/sites\/3\/2024\/01\/shutterstock_1824985307-PhotoRoom.jpg 1920w, https:\/\/www.finanzen.at\/ratgeber\/wp-content\/uploads\/sites\/3\/2024\/01\/shutterstock_1824985307-PhotoRoom-300x138.jpg 300w, https:\/\/www.finanzen.at\/ratgeber\/wp-content\/uploads\/sites\/3\/2024\/01\/shutterstock_1824985307-PhotoRoom-1024x470.jpg 1024w, https:\/\/www.finanzen.at\/ratgeber\/wp-content\/uploads\/sites\/3\/2024\/01\/shutterstock_1824985307-PhotoRoom-768x353.jpg 768w, https:\/\/www.finanzen.at\/ratgeber\/wp-content\/uploads\/sites\/3\/2024\/01\/shutterstock_1824985307-PhotoRoom-1536x706.jpg 1536w\" sizes=\"auto, (max-width: 1920px) 100vw, 1920px\" \/>                                <\/div>\n                                <div class=\"article-teaser__content-container\">\n                                    <div class=\"article-teaser__preline\">\n                                                                            <\/div>\n                                    <h3 class=\"headline headline--h3 article-teaser__headline\">\n                                        Fonds kaufen                                    <\/h3>\n                                    <div class=\"article-teaser__excerpt\">\n                                        <span class=\"article-teaser__excerpt-arrow\">\n                                            Investmentfonds eignen sich hervorragend zum langfristigen Verm\u00f6gensaufbau. Anders als Aktien sind Fonds f\u00fcr Einsteiger wie B\u00f6rsenkenner &#8230;                                        <\/span>\n                                    <\/div>\n                                    <span class=\"article-teaser__more-link link link--arrow-right\">\n                                        Mehr erfahren\n                                    <\/span>\n                                <\/div>\n                            <\/a>\n                                                                                                <a class=\"article-teaser article-teaser--large article-teaser--2\" href=\"https:\/\/www.finanzen.at\/ratgeber\/dividendenfonds-kaufen\/\">\n                                <div class=\"article-teaser__image\">\n                                    <img loading=\"lazy\" decoding=\"async\" width=\"1920\" height=\"882\" src=\"https:\/\/www.finanzen.at\/ratgeber\/wp-content\/uploads\/sites\/3\/2018\/08\/shutterstock_1831571761-PhotoRoom.jpg\" class=\"attachment-post-thumbnail size-post-thumbnail wp-post-image\" alt=\"\" srcset=\"https:\/\/www.finanzen.at\/ratgeber\/wp-content\/uploads\/sites\/3\/2018\/08\/shutterstock_1831571761-PhotoRoom.jpg 1920w, https:\/\/www.finanzen.at\/ratgeber\/wp-content\/uploads\/sites\/3\/2018\/08\/shutterstock_1831571761-PhotoRoom-300x138.jpg 300w, https:\/\/www.finanzen.at\/ratgeber\/wp-content\/uploads\/sites\/3\/2018\/08\/shutterstock_1831571761-PhotoRoom-1024x470.jpg 1024w, https:\/\/www.finanzen.at\/ratgeber\/wp-content\/uploads\/sites\/3\/2018\/08\/shutterstock_1831571761-PhotoRoom-768x353.jpg 768w, https:\/\/www.finanzen.at\/ratgeber\/wp-content\/uploads\/sites\/3\/2018\/08\/shutterstock_1831571761-PhotoRoom-1536x706.jpg 1536w\" sizes=\"auto, (max-width: 1920px) 100vw, 1920px\" \/>                                <\/div>\n                                <div class=\"article-teaser__content-container\">\n                                    <div class=\"article-teaser__preline\">\n                                                                            <\/div>\n                                    <h3 class=\"headline headline--h3 article-teaser__headline\">\n                                        Dividendenfonds                                    <\/h3>\n                                    <div class=\"article-teaser__excerpt\">\n                                        <span class=\"article-teaser__excerpt-arrow\">\n                                            In Dividendenfonds mit aussch\u00fcttungsstarken Unternehmen investieren &#8211; hohe Renditen und die besten Fonds im \u00dcberblick                                        <\/span>\n                                    <\/div>\n                                    <span class=\"article-teaser__more-link link link--arrow-right\">\n                                        Mehr erfahren\n                                    <\/span>\n                                <\/div>\n                            <\/a>\n                                                            <\/div>\n            <\/div>\n\n            <div class=\"article-teasers__container-secondary\">\n                                                            <a class=\"article-teaser article-teaser--small article-teaser--3\" href=\"https:\/\/www.finanzen.at\/ratgeber\/etf-sparplan\/\">\n                            <h3 class=\"headline headline--h3 article-teaser__headline\">\n                                ETF-Sparplan-Vergleich                            <\/h3>\n                            <div class=\"article-teaser__excerpt\">\n                                <span class=\"article-teaser__excerpt-arrow\">\n                                    Als Anleger renditestark investieren und langfristig Verm\u00f6gen aufbauen &#8211; auch mit kleinen Sparbetr\u00e4gen.                                 <\/span>\n                            <\/div>\n                            <span class=\"article-teaser__more-link link link--arrow-right\">\n                                Mehr erfahren\n                            <\/span>\n                        <\/a>\n                                                                                <a class=\"article-teaser article-teaser--small article-teaser--4\" href=\"https:\/\/www.finanzen.at\/ratgeber\/msci-emerging-markets-etf\/\">\n                            <h3 class=\"headline headline--h3 article-teaser__headline\">\n                                MSCI Emerging Markets ETF                            <\/h3>\n                            <div class=\"article-teaser__excerpt\">\n                                <span class=\"article-teaser__excerpt-arrow\">\n                                    Anleger, die in Emerging Markets investieren, haben die Chance am enormen Wachstumspotenzial von Schwellenl\u00e4ndern zu partizipieren. &#8230;                                <\/span>\n                            <\/div>\n                            <span class=\"article-teaser__more-link link link--arrow-right\">\n                                Mehr erfahren\n                            <\/span>\n                        <\/a>\n                                                                                <a class=\"article-teaser article-teaser--small article-teaser--5\" href=\"https:\/\/www.finanzen.at\/ratgeber\/etf-lexikon\/\">\n                            <h3 class=\"headline headline--h3 article-teaser__headline\">\n                                ETF-Lexikon                            <\/h3>\n                            <div class=\"article-teaser__excerpt\">\n                                <span class=\"article-teaser__excerpt-arrow\">\n                                    Haben Sie sich schon immer mal gefragt, was eigentlich ein Ausgabeaufschlag ist, was ETFs mit synthetischer &#8230;                                <\/span>\n                            <\/div>\n                            <span class=\"article-teaser__more-link link link--arrow-right\">\n                                Mehr erfahren\n                            <\/span>\n                        <\/a>\n                                                <\/div>\n        <\/div>\n    <\/div>\n\n\n\n\n\n\n    <div class=\"container\">\n                    <h2 class=\"headline headline--h1\">Krypto \u2013 Im W\u00e4hrungsdschungel zurechtfinden<\/h2>\n        \n        <div class=\"article-teasers\">\n            <div class=\"article-teasers__container-primary\">\n                <div class=\"article-teasers__container-primary-inner\">\n                                                                        <a class=\"article-teaser article-teaser--large article-teaser--1\" href=\"https:\/\/www.finanzen.at\/ratgeber\/ethereum-kaufen\/\">\n                                <div class=\"article-teaser__image\">\n                                                                    <\/div>\n                                <div class=\"article-teaser__content-container\">\n                                    <div class=\"article-teaser__preline\">\n                                                                            <\/div>\n                                    <h3 class=\"headline headline--h3 article-teaser__headline\">\n                                        Ethereum kaufen                                    <\/h3>\n                                    <div class=\"article-teaser__excerpt\">\n                                        <span class=\"article-teaser__excerpt-arrow\">\n                                            Hintergr\u00fcnde und Tipps zum Kauf der zweitgr\u00f6\u00dften Kryptow\u00e4hrung nach Bitcoin                                        <\/span>\n                                    <\/div>\n                                    <span class=\"article-teaser__more-link link link--arrow-right\">\n                                        Mehr erfahren\n                                    <\/span>\n                                <\/div>\n                            <\/a>\n                                                                                                <a class=\"article-teaser article-teaser--large article-teaser--2\" href=\"https:\/\/www.finanzen.at\/ratgeber\/ripple-kaufen\/\">\n                                <div class=\"article-teaser__image\">\n                                    <img loading=\"lazy\" decoding=\"async\" width=\"1920\" height=\"882\" src=\"https:\/\/www.finanzen.at\/ratgeber\/wp-content\/uploads\/sites\/3\/2024\/01\/btc.jpg\" class=\"attachment-post-thumbnail size-post-thumbnail wp-post-image\" alt=\"\" srcset=\"https:\/\/www.finanzen.at\/ratgeber\/wp-content\/uploads\/sites\/3\/2024\/01\/btc.jpg 1920w, https:\/\/www.finanzen.at\/ratgeber\/wp-content\/uploads\/sites\/3\/2024\/01\/btc-300x138.jpg 300w, https:\/\/www.finanzen.at\/ratgeber\/wp-content\/uploads\/sites\/3\/2024\/01\/btc-1024x470.jpg 1024w, https:\/\/www.finanzen.at\/ratgeber\/wp-content\/uploads\/sites\/3\/2024\/01\/btc-768x353.jpg 768w, https:\/\/www.finanzen.at\/ratgeber\/wp-content\/uploads\/sites\/3\/2024\/01\/btc-1536x706.jpg 1536w\" sizes=\"auto, (max-width: 1920px) 100vw, 1920px\" \/>                                <\/div>\n                                <div class=\"article-teaser__content-container\">\n                                    <div class=\"article-teaser__preline\">\n                                                                            <\/div>\n                                    <h3 class=\"headline headline--h3 article-teaser__headline\">\n                                        Ripple kaufen                                    <\/h3>\n                                    <div class=\"article-teaser__excerpt\">\n                                        <span class=\"article-teaser__excerpt-arrow\">\n                                            Unter den Krypto-Coins \u00e1 la Bitcoin, Ethereum, Litecoin und Co. spielt Ripple eine besondere Rolle                                        <\/span>\n                                    <\/div>\n                                    <span class=\"article-teaser__more-link link link--arrow-right\">\n                                        Mehr erfahren\n                                    <\/span>\n                                <\/div>\n                            <\/a>\n                                                            <\/div>\n            <\/div>\n\n            <div class=\"article-teasers__container-secondary\">\n                                                            <a class=\"article-teaser article-teaser--small article-teaser--3\" href=\"https:\/\/www.finanzen.at\/ratgeber\/iota-kaufen\/\">\n                            <h3 class=\"headline headline--h3 article-teaser__headline\">\n                                IOTA kaufen                            <\/h3>\n                            <div class=\"article-teaser__excerpt\">\n                                <span class=\"article-teaser__excerpt-arrow\">\n                                    Seitdem IOTA das Licht der Kryptowelt erblickt hatte, legte der Wert langsam zu. Anfang Dezember 2017 &#8230;                                <\/span>\n                            <\/div>\n                            <span class=\"article-teaser__more-link link link--arrow-right\">\n                                Mehr erfahren\n                            <\/span>\n                        <\/a>\n                                                                                <a class=\"article-teaser article-teaser--small article-teaser--4\" href=\"https:\/\/www.finanzen.at\/ratgeber\/polkadot-kaufen\/\">\n                            <h3 class=\"headline headline--h3 article-teaser__headline\">\n                                Polkadot kaufen                            <\/h3>\n                            <div class=\"article-teaser__excerpt\">\n                                <span class=\"article-teaser__excerpt-arrow\">\n                                    Der Markt f\u00fcr Kryptow\u00e4hrungen boomt &#8211; und da wollen viele chancenorientierte Anleger mitmischen. Anfang 2021 ist &#8230;                                <\/span>\n                            <\/div>\n                            <span class=\"article-teaser__more-link link link--arrow-right\">\n                                Mehr erfahren\n                            <\/span>\n                        <\/a>\n                                                                                <a class=\"article-teaser article-teaser--small article-teaser--5\" href=\"https:\/\/www.finanzen.at\/ratgeber\/monero-kaufen\/\">\n                            <h3 class=\"headline headline--h3 article-teaser__headline\">\n                                Monero kaufen                            <\/h3>\n                            <div class=\"article-teaser__excerpt\">\n                                <span class=\"article-teaser__excerpt-arrow\">\n                                    Seit dem Jahr 2014 existiert die Kryptow\u00e4hrung Monero. Als Hashing-Algorithmus f\u00fcr Monero wird &#8211; im Unterschied &#8230;                                <\/span>\n                            <\/div>\n                            <span class=\"article-teaser__more-link link link--arrow-right\">\n                                Mehr erfahren\n                            <\/span>\n                        <\/a>\n                                                <\/div>\n        <\/div>\n    <\/div>\n\n","protected":false},"excerpt":{"rendered":"","protected":false},"author":9,"featured_media":0,"parent":0,"menu_order":0,"comment_status":"closed","ping_status":"closed","template":"","meta":{"_acf_changed":false,"footnotes":""},"class_list":["post-5","page","type-page","status-publish","hentry"],"acf":[],"yoast_head":"<title>Startseite - Ratgeber: Wissenswertes rund um die Geldanlage | finanzen.at<\/title>\n<meta name=\"robots\" content=\"index, follow, max-snippet:-1, max-image-preview:large, max-video-preview:-1\" \/>\n<link rel=\"canonical\" href=\"https:\/\/www.finanzen.at\/ratgeber\/\" \/>\n<meta property=\"og:locale\" content=\"de_DE\" \/>\n<meta property=\"og:type\" content=\"article\" \/>\n<meta property=\"og:title\" content=\"Startseite - Ratgeber: Wissenswertes rund um die Geldanlage | finanzen.at\" \/>\n<meta property=\"og:url\" content=\"https:\/\/www.finanzen.at\/ratgeber\/\" \/>\n<meta property=\"og:site_name\" content=\"Ratgeber: Wissenswertes rund um die Geldanlage | finanzen.at\" \/>\n<meta property=\"article:publisher\" content=\"https:\/\/www.facebook.com\/finanzen.at\" \/>\n<meta property=\"article:modified_time\" content=\"2026-02-26T14:10:30+00:00\" \/>\n<meta name=\"twitter:card\" content=\"summary_large_image\" \/>\n<meta name=\"twitter:label1\" content=\"Gesch\u00e4tzte Lesezeit\" \/>\n\t<meta name=\"twitter:data1\" content=\"3\u00a0Minuten\" \/>","yoast_head_json":{"title":"Startseite - Ratgeber: Wissenswertes rund um die Geldanlage | finanzen.at","robots":{"index":"index","follow":"follow","max-snippet":"max-snippet:-1","max-image-preview":"max-image-preview:large","max-video-preview":"max-video-preview:-1"},"canonical":"https:\/\/www.finanzen.at\/ratgeber\/","og_locale":"de_DE","og_type":"article","og_title":"Startseite - Ratgeber: Wissenswertes rund um die Geldanlage | finanzen.at","og_url":"https:\/\/www.finanzen.at\/ratgeber\/","og_site_name":"Ratgeber: Wissenswertes rund um die Geldanlage | finanzen.at","article_publisher":"https:\/\/www.facebook.com\/finanzen.at","article_modified_time":"2026-02-26T14:10:30+00:00","twitter_card":"summary_large_image","twitter_misc":{"Gesch\u00e4tzte Lesezeit":"3\u00a0Minuten"},"schema":{"@context":"https:\/\/schema.org","@graph":[{"@type":"WebPage","@id":"https:\/\/www.finanzen.at\/ratgeber\/","url":"https:\/\/www.finanzen.at\/ratgeber\/","name":"Startseite - Ratgeber: Wissenswertes rund um die Geldanlage | finanzen.at","isPartOf":{"@id":"https:\/\/www.finanzen.at\/ratgeber\/#website"},"datePublished":"2024-07-09T10:20:38+00:00","dateModified":"2026-02-26T14:10:30+00:00","breadcrumb":{"@id":"https:\/\/www.finanzen.at\/ratgeber\/#breadcrumb"},"inLanguage":"de","potentialAction":[{"@type":"ReadAction","target":["https:\/\/www.finanzen.at\/ratgeber\/"]}]},{"@type":"BreadcrumbList","@id":"https:\/\/www.finanzen.at\/ratgeber\/#breadcrumb","itemListElement":[{"@type":"ListItem","position":1,"name":"Startseite","item":"https:\/\/www.finanzen.at\/ratgeber\/"},{"@type":"ListItem","position":2,"name":"Startseite"}]},{"@type":"WebSite","@id":"https:\/\/www.finanzen.at\/ratgeber\/#website","url":"https:\/\/www.finanzen.at\/ratgeber\/","name":"Ratgeber: Wissenswertes rund um die Geldanlage | finanzen.at","description":"","publisher":{"@id":"https:\/\/www.finanzen.at\/ratgeber\/#organization"},"potentialAction":[{"@type":"SearchAction","target":{"@type":"EntryPoint","urlTemplate":"https:\/\/www.finanzen.at\/ratgeber\/?s={search_term_string}"},"query-input":{"@type":"PropertyValueSpecification","valueRequired":true,"valueName":"search_term_string"}}],"inLanguage":"de"},{"@type":"Organization","@id":"https:\/\/www.finanzen.at\/ratgeber\/#organization","name":"Ratgeber: Wissenswertes rund um die Geldanlage | finanzen.at","url":"https:\/\/www.finanzen.at\/ratgeber\/","logo":{"@type":"ImageObject","inLanguage":"de","@id":"https:\/\/www.finanzen.at\/ratgeber\/#\/schema\/logo\/image\/","url":"https:\/\/www.finanzen.at\/ratgeber\/wp-content\/uploads\/sites\/3\/2024\/07\/finAT-ratgeber-logo_NEU.svg","contentUrl":"https:\/\/www.finanzen.at\/ratgeber\/wp-content\/uploads\/sites\/3\/2024\/07\/finAT-ratgeber-logo_NEU.svg","width":1,"height":1,"caption":"Ratgeber: Wissenswertes rund um die Geldanlage | finanzen.at"},"image":{"@id":"https:\/\/www.finanzen.at\/ratgeber\/#\/schema\/logo\/image\/"},"sameAs":["https:\/\/www.facebook.com\/finanzen.at"]}]}},"_links":{"self":[{"href":"https:\/\/www.finanzen.at\/ratgeber\/wp-json\/wp\/v2\/pages\/5","targetHints":{"allow":["GET"]}}],"collection":[{"href":"https:\/\/www.finanzen.at\/ratgeber\/wp-json\/wp\/v2\/pages"}],"about":[{"href":"https:\/\/www.finanzen.at\/ratgeber\/wp-json\/wp\/v2\/types\/page"}],"author":[{"embeddable":true,"href":"https:\/\/www.finanzen.at\/ratgeber\/wp-json\/wp\/v2\/users\/9"}],"replies":[{"embeddable":true,"href":"https:\/\/www.finanzen.at\/ratgeber\/wp-json\/wp\/v2\/comments?post=5"}],"version-history":[{"count":3,"href":"https:\/\/www.finanzen.at\/ratgeber\/wp-json\/wp\/v2\/pages\/5\/revisions"}],"predecessor-version":[{"id":12642,"href":"https:\/\/www.finanzen.at\/ratgeber\/wp-json\/wp\/v2\/pages\/5\/revisions\/12642"}],"wp:attachment":[{"href":"https:\/\/www.finanzen.at\/ratgeber\/wp-json\/wp\/v2\/media?parent=5"}],"curies":[{"name":"wp","href":"https:\/\/api.w.org\/{rel}","templated":true}]}}