{"id":92,"date":"2024-07-11T06:29:25","date_gmt":"2024-07-11T04:29:25","guid":{"rendered":"https:\/\/at.fnet-ratgeber.dcm-server.de\/?page_id=92"},"modified":"2026-02-26T15:10:29","modified_gmt":"2026-02-26T14:10:29","slug":"404-fehler","status":"publish","type":"page","link":"https:\/\/www.finanzen.at\/ratgeber\/404-fehler\/","title":{"rendered":"404-Fehler"},"content":{"rendered":"\n<div class=\"container\">\n    <div class=\"header\">\n        <div class=\"header__image\">\n                            <img decoding=\"async\" src=\"https:\/\/www.finanzen.at\/ratgeber\/wp-content\/uploads\/sites\/3\/2024\/07\/shutterstock_2068423715-PhotoRoom.jpg\">\n                                    <\/div>\n        <div class=\"header__text\">\n                            <h1 class=\"headline headline--h1 header__headline\">\n                    Oh nein &#8211; hier ist was falsch gelaufen!                <\/h1>\n                                        <div class=\"header__excerpt flow-content\">\n                    <p>Die von Dir aufgerufene URL gibt es leider nicht.<\/p>\n<p>Du m\u00f6chtest uns diesen Fehler mitteilen? Das finden wir nat\u00fcrlich spitze. Schreib&#8216; uns einfach \u00fcber das <a href=\"https:\/\/www.finanzen.net\/kontakt\">Kontaktformular<\/a>.<\/p>\n                <\/div>\n                    <\/div>\n    <\/div>\n<\/div>\n","protected":false},"excerpt":{"rendered":"","protected":false},"author":9,"featured_media":0,"parent":0,"menu_order":0,"comment_status":"closed","ping_status":"closed","template":"","meta":{"_acf_changed":false,"footnotes":""},"class_list":["post-92","page","type-page","status-publish","hentry"],"acf":[],"yoast_head":"<title>404-Fehler - Ratgeber: Wissenswertes rund um die Geldanlage | finanzen.at<\/title>\n<meta name=\"robots\" content=\"index, follow, max-snippet:-1, max-image-preview:large, max-video-preview:-1\" \/>\n<link rel=\"canonical\" href=\"https:\/\/www.finanzen.at\/ratgeber\/404-fehler\/\" \/>\n<meta property=\"og:locale\" content=\"de_DE\" \/>\n<meta property=\"og:type\" content=\"article\" \/>\n<meta property=\"og:title\" content=\"404-Fehler - Ratgeber: Wissenswertes rund um die Geldanlage | finanzen.at\" \/>\n<meta property=\"og:url\" content=\"https:\/\/www.finanzen.at\/ratgeber\/404-fehler\/\" \/>\n<meta property=\"og:site_name\" content=\"Ratgeber: Wissenswertes rund um die Geldanlage | finanzen.at\" \/>\n<meta property=\"article:publisher\" content=\"https:\/\/www.facebook.com\/finanzen.at\" \/>\n<meta property=\"article:modified_time\" content=\"2026-02-26T14:10:29+00:00\" \/>\n<meta name=\"twitter:card\" content=\"summary_large_image\" \/>","yoast_head_json":{"title":"404-Fehler - Ratgeber: Wissenswertes rund um die Geldanlage | finanzen.at","robots":{"index":"index","follow":"follow","max-snippet":"max-snippet:-1","max-image-preview":"max-image-preview:large","max-video-preview":"max-video-preview:-1"},"canonical":"https:\/\/www.finanzen.at\/ratgeber\/404-fehler\/","og_locale":"de_DE","og_type":"article","og_title":"404-Fehler - Ratgeber: Wissenswertes rund um die Geldanlage | finanzen.at","og_url":"https:\/\/www.finanzen.at\/ratgeber\/404-fehler\/","og_site_name":"Ratgeber: Wissenswertes rund um die Geldanlage | finanzen.at","article_publisher":"https:\/\/www.facebook.com\/finanzen.at","article_modified_time":"2026-02-26T14:10:29+00:00","twitter_card":"summary_large_image","schema":{"@context":"https:\/\/schema.org","@graph":[{"@type":"WebPage","@id":"https:\/\/www.finanzen.at\/ratgeber\/404-fehler\/","url":"https:\/\/www.finanzen.at\/ratgeber\/404-fehler\/","name":"404-Fehler - Ratgeber: Wissenswertes rund um die Geldanlage | finanzen.at","isPartOf":{"@id":"https:\/\/www.finanzen.at\/ratgeber\/#website"},"datePublished":"2024-07-11T04:29:25+00:00","dateModified":"2026-02-26T14:10:29+00:00","breadcrumb":{"@id":"https:\/\/www.finanzen.at\/ratgeber\/404-fehler\/#breadcrumb"},"inLanguage":"de","potentialAction":[{"@type":"ReadAction","target":["https:\/\/www.finanzen.at\/ratgeber\/404-fehler\/"]}]},{"@type":"BreadcrumbList","@id":"https:\/\/www.finanzen.at\/ratgeber\/404-fehler\/#breadcrumb","itemListElement":[{"@type":"ListItem","position":1,"name":"Startseite","item":"https:\/\/www.finanzen.at\/ratgeber\/"},{"@type":"ListItem","position":2,"name":"404-Fehler"}]},{"@type":"WebSite","@id":"https:\/\/www.finanzen.at\/ratgeber\/#website","url":"https:\/\/www.finanzen.at\/ratgeber\/","name":"Ratgeber: Wissenswertes rund um die Geldanlage | finanzen.at","description":"","publisher":{"@id":"https:\/\/www.finanzen.at\/ratgeber\/#organization"},"potentialAction":[{"@type":"SearchAction","target":{"@type":"EntryPoint","urlTemplate":"https:\/\/www.finanzen.at\/ratgeber\/?s={search_term_string}"},"query-input":{"@type":"PropertyValueSpecification","valueRequired":true,"valueName":"search_term_string"}}],"inLanguage":"de"},{"@type":"Organization","@id":"https:\/\/www.finanzen.at\/ratgeber\/#organization","name":"Ratgeber: Wissenswertes rund um die Geldanlage | finanzen.at","url":"https:\/\/www.finanzen.at\/ratgeber\/","logo":{"@type":"ImageObject","inLanguage":"de","@id":"https:\/\/www.finanzen.at\/ratgeber\/#\/schema\/logo\/image\/","url":"https:\/\/www.finanzen.at\/ratgeber\/wp-content\/uploads\/sites\/3\/2024\/07\/finAT-ratgeber-logo_NEU.svg","contentUrl":"https:\/\/www.finanzen.at\/ratgeber\/wp-content\/uploads\/sites\/3\/2024\/07\/finAT-ratgeber-logo_NEU.svg","width":1,"height":1,"caption":"Ratgeber: Wissenswertes rund um die Geldanlage | finanzen.at"},"image":{"@id":"https:\/\/www.finanzen.at\/ratgeber\/#\/schema\/logo\/image\/"},"sameAs":["https:\/\/www.facebook.com\/finanzen.at"]}]}},"_links":{"self":[{"href":"https:\/\/www.finanzen.at\/ratgeber\/wp-json\/wp\/v2\/pages\/92","targetHints":{"allow":["GET"]}}],"collection":[{"href":"https:\/\/www.finanzen.at\/ratgeber\/wp-json\/wp\/v2\/pages"}],"about":[{"href":"https:\/\/www.finanzen.at\/ratgeber\/wp-json\/wp\/v2\/types\/page"}],"author":[{"embeddable":true,"href":"https:\/\/www.finanzen.at\/ratgeber\/wp-json\/wp\/v2\/users\/9"}],"replies":[{"embeddable":true,"href":"https:\/\/www.finanzen.at\/ratgeber\/wp-json\/wp\/v2\/comments?post=92"}],"version-history":[{"count":1,"href":"https:\/\/www.finanzen.at\/ratgeber\/wp-json\/wp\/v2\/pages\/92\/revisions"}],"predecessor-version":[{"id":94,"href":"https:\/\/www.finanzen.at\/ratgeber\/wp-json\/wp\/v2\/pages\/92\/revisions\/94"}],"wp:attachment":[{"href":"https:\/\/www.finanzen.at\/ratgeber\/wp-json\/wp\/v2\/media?parent=92"}],"curies":[{"name":"wp","href":"https:\/\/api.w.org\/{rel}","templated":true}]}}